{"id":2,"date":"2023-10-18T11:04:28","date_gmt":"2023-10-18T09:04:28","guid":{"rendered":"http:\/\/matevents.es\/?page_id=2"},"modified":"2025-11-12T03:49:04","modified_gmt":"2025-11-12T02:49:04","slug":"pagina-ejemplo","status":"publish","type":"page","link":"https:\/\/matevents.es\/?page_id=2","title":{"rendered":""},"content":{"rendered":"\n<div class=\"wp-block-uagb-advanced-heading uagb-block-a54b54fd\"><h3 class=\"uagb-heading-text\"><strong>T\u00e9cnicos de sonido<\/strong><\/h3><\/div>\n\n\n\n<figure class=\"wp-block-gallery has-nested-images columns-4 is-cropped wp-block-gallery-1 is-layout-flex wp-block-gallery-is-layout-flex\">\n<figure class=\"wp-block-image size-large\"><img fetchpriority=\"high\" decoding=\"async\" width=\"766\" height=\"1024\" data-id=\"1857\" src=\"https:\/\/matevents.es\/wp-content\/uploads\/2023\/10\/IMG_20220812_003408_12-1-766x1024.jpg\" alt=\"\" class=\"wp-image-1857\" srcset=\"https:\/\/matevents.es\/wp-content\/uploads\/2023\/10\/IMG_20220812_003408_12-1-766x1024.jpg 766w, https:\/\/matevents.es\/wp-content\/uploads\/2023\/10\/IMG_20220812_003408_12-1-224x300.jpg 224w, https:\/\/matevents.es\/wp-content\/uploads\/2023\/10\/IMG_20220812_003408_12-1-768x1026.jpg 768w, https:\/\/matevents.es\/wp-content\/uploads\/2023\/10\/IMG_20220812_003408_12-1-1149x1536.jpg 1149w, https:\/\/matevents.es\/wp-content\/uploads\/2023\/10\/IMG_20220812_003408_12-1-1532x2048.jpg 1532w, https:\/\/matevents.es\/wp-content\/uploads\/2023\/10\/IMG_20220812_003408_12-1-scaled.jpg 1916w\" sizes=\"(max-width: 766px) 100vw, 766px\" \/><\/figure>\n\n\n\n<figure class=\"wp-block-image size-large\"><img decoding=\"async\" width=\"1024\" height=\"766\" data-id=\"1858\" src=\"https:\/\/matevents.es\/wp-content\/uploads\/2023\/10\/IMG_20230717_222952-1-1024x766.jpg\" alt=\"\" class=\"wp-image-1858\" srcset=\"https:\/\/matevents.es\/wp-content\/uploads\/2023\/10\/IMG_20230717_222952-1-1024x766.jpg 1024w, https:\/\/matevents.es\/wp-content\/uploads\/2023\/10\/IMG_20230717_222952-1-300x224.jpg 300w, https:\/\/matevents.es\/wp-content\/uploads\/2023\/10\/IMG_20230717_222952-1-768x575.jpg 768w, https:\/\/matevents.es\/wp-content\/uploads\/2023\/10\/IMG_20230717_222952-1-1536x1149.jpg 1536w, https:\/\/matevents.es\/wp-content\/uploads\/2023\/10\/IMG_20230717_222952-1-2048x1532.jpg 2048w\" sizes=\"(max-width: 1024px) 100vw, 1024px\" \/><\/figure>\n\n\n\n<figure class=\"wp-block-image size-large\"><img decoding=\"async\" width=\"768\" height=\"1024\" data-id=\"1856\" src=\"https:\/\/matevents.es\/wp-content\/uploads\/2023\/10\/IMG-20230623-WA0000-1-768x1024.jpg\" alt=\"\" class=\"wp-image-1856\" srcset=\"https:\/\/matevents.es\/wp-content\/uploads\/2023\/10\/IMG-20230623-WA0000-1-768x1024.jpg 768w, https:\/\/matevents.es\/wp-content\/uploads\/2023\/10\/IMG-20230623-WA0000-1-225x300.jpg 225w, https:\/\/matevents.es\/wp-content\/uploads\/2023\/10\/IMG-20230623-WA0000-1-1152x1536.jpg 1152w, https:\/\/matevents.es\/wp-content\/uploads\/2023\/10\/IMG-20230623-WA0000-1.jpg 1500w\" sizes=\"(max-width: 768px) 100vw, 768px\" \/><\/figure>\n\n\n\n<figure class=\"wp-block-image size-large\"><img loading=\"lazy\" decoding=\"async\" width=\"640\" height=\"640\" data-id=\"1855\" src=\"https:\/\/matevents.es\/wp-content\/uploads\/2023\/10\/IMG-20231024-WA0005.jpg\" alt=\"\" class=\"wp-image-1855\" srcset=\"https:\/\/matevents.es\/wp-content\/uploads\/2023\/10\/IMG-20231024-WA0005.jpg 640w, https:\/\/matevents.es\/wp-content\/uploads\/2023\/10\/IMG-20231024-WA0005-300x300.jpg 300w, https:\/\/matevents.es\/wp-content\/uploads\/2023\/10\/IMG-20231024-WA0005-150x150.jpg 150w\" sizes=\"(max-width: 640px) 100vw, 640px\" \/><\/figure>\n<\/figure>\n\n\n\n<div class=\"wp-block-uagb-advanced-heading uagb-block-46dba89e\"><h3 class=\"uagb-heading-text\"><strong>DJ\u00b4S<\/strong><\/h3><\/div>\n\n\n\n<figure class=\"wp-block-gallery has-nested-images columns-4 is-cropped wp-block-gallery-2 is-layout-flex wp-block-gallery-is-layout-flex\">\n<figure class=\"wp-block-image size-large\"><img loading=\"lazy\" decoding=\"async\" width=\"766\" height=\"1024\" data-id=\"1874\" src=\"https:\/\/matevents.es\/wp-content\/uploads\/2023\/10\/IMG_20220814_022644_1-1-766x1024.jpg\" alt=\"\" class=\"wp-image-1874\" srcset=\"https:\/\/matevents.es\/wp-content\/uploads\/2023\/10\/IMG_20220814_022644_1-1-766x1024.jpg 766w, https:\/\/matevents.es\/wp-content\/uploads\/2023\/10\/IMG_20220814_022644_1-1-224x300.jpg 224w, https:\/\/matevents.es\/wp-content\/uploads\/2023\/10\/IMG_20220814_022644_1-1-768x1026.jpg 768w, https:\/\/matevents.es\/wp-content\/uploads\/2023\/10\/IMG_20220814_022644_1-1-1149x1536.jpg 1149w, https:\/\/matevents.es\/wp-content\/uploads\/2023\/10\/IMG_20220814_022644_1-1-1532x2048.jpg 1532w, https:\/\/matevents.es\/wp-content\/uploads\/2023\/10\/IMG_20220814_022644_1-1-scaled.jpg 1916w\" sizes=\"(max-width: 766px) 100vw, 766px\" \/><\/figure>\n\n\n\n<figure class=\"wp-block-image size-large\"><img loading=\"lazy\" decoding=\"async\" width=\"1024\" height=\"765\" data-id=\"1873\" src=\"https:\/\/matevents.es\/wp-content\/uploads\/2023\/10\/IMG_20230826_201255-2-1024x765.jpg\" alt=\"\" class=\"wp-image-1873\" srcset=\"https:\/\/matevents.es\/wp-content\/uploads\/2023\/10\/IMG_20230826_201255-2-1024x765.jpg 1024w, https:\/\/matevents.es\/wp-content\/uploads\/2023\/10\/IMG_20230826_201255-2-300x224.jpg 300w, https:\/\/matevents.es\/wp-content\/uploads\/2023\/10\/IMG_20230826_201255-2-768x574.jpg 768w, https:\/\/matevents.es\/wp-content\/uploads\/2023\/10\/IMG_20230826_201255-2-1536x1148.jpg 1536w, https:\/\/matevents.es\/wp-content\/uploads\/2023\/10\/IMG_20230826_201255-2-2048x1531.jpg 2048w\" sizes=\"(max-width: 1024px) 100vw, 1024px\" \/><\/figure>\n\n\n\n<figure class=\"wp-block-image size-large\"><img loading=\"lazy\" decoding=\"async\" width=\"1024\" height=\"768\" data-id=\"1871\" src=\"https:\/\/matevents.es\/wp-content\/uploads\/2023\/10\/IMG-20220903-WA0032-1-1024x768.jpg\" alt=\"\" class=\"wp-image-1871\" srcset=\"https:\/\/matevents.es\/wp-content\/uploads\/2023\/10\/IMG-20220903-WA0032-1-1024x768.jpg 1024w, https:\/\/matevents.es\/wp-content\/uploads\/2023\/10\/IMG-20220903-WA0032-1-300x225.jpg 300w, https:\/\/matevents.es\/wp-content\/uploads\/2023\/10\/IMG-20220903-WA0032-1-768x576.jpg 768w, https:\/\/matevents.es\/wp-content\/uploads\/2023\/10\/IMG-20220903-WA0032-1-1536x1152.jpg 1536w, https:\/\/matevents.es\/wp-content\/uploads\/2023\/10\/IMG-20220903-WA0032-1.jpg 2048w\" sizes=\"(max-width: 1024px) 100vw, 1024px\" \/><\/figure>\n\n\n\n<figure class=\"wp-block-image size-large\"><img loading=\"lazy\" decoding=\"async\" width=\"1024\" height=\"866\" data-id=\"1872\" src=\"https:\/\/matevents.es\/wp-content\/uploads\/2023\/10\/IMG-20230930-WA00222-1-1024x866.jpg\" alt=\"\" class=\"wp-image-1872\" srcset=\"https:\/\/matevents.es\/wp-content\/uploads\/2023\/10\/IMG-20230930-WA00222-1-1024x866.jpg 1024w, https:\/\/matevents.es\/wp-content\/uploads\/2023\/10\/IMG-20230930-WA00222-1-300x254.jpg 300w, https:\/\/matevents.es\/wp-content\/uploads\/2023\/10\/IMG-20230930-WA00222-1-768x650.jpg 768w, https:\/\/matevents.es\/wp-content\/uploads\/2023\/10\/IMG-20230930-WA00222-1.jpg 1253w\" sizes=\"(max-width: 1024px) 100vw, 1024px\" \/><\/figure>\n<\/figure>\n\n\n\n<div class=\"wp-block-uagb-advanced-heading uagb-block-eead2c1b\"><h3 class=\"uagb-heading-text\"><strong>Alquiler equipos<\/strong><\/h3><\/div>\n\n\n\n<figure class=\"wp-block-gallery has-nested-images columns-4 is-cropped wp-block-gallery-3 is-layout-flex wp-block-gallery-is-layout-flex\">\n<figure class=\"wp-block-image size-large\"><img loading=\"lazy\" decoding=\"async\" width=\"766\" height=\"1024\" data-id=\"1876\" src=\"https:\/\/matevents.es\/wp-content\/uploads\/2023\/10\/IMG_20230527_002359-766x1024.jpg\" alt=\"\" class=\"wp-image-1876\" srcset=\"https:\/\/matevents.es\/wp-content\/uploads\/2023\/10\/IMG_20230527_002359-766x1024.jpg 766w, https:\/\/matevents.es\/wp-content\/uploads\/2023\/10\/IMG_20230527_002359-224x300.jpg 224w, https:\/\/matevents.es\/wp-content\/uploads\/2023\/10\/IMG_20230527_002359-768x1026.jpg 768w, https:\/\/matevents.es\/wp-content\/uploads\/2023\/10\/IMG_20230527_002359-1149x1536.jpg 1149w, https:\/\/matevents.es\/wp-content\/uploads\/2023\/10\/IMG_20230527_002359-1532x2048.jpg 1532w, https:\/\/matevents.es\/wp-content\/uploads\/2023\/10\/IMG_20230527_002359-scaled.jpg 1916w\" sizes=\"(max-width: 766px) 100vw, 766px\" \/><\/figure>\n\n\n\n<figure class=\"wp-block-image size-large\"><img loading=\"lazy\" decoding=\"async\" width=\"1024\" height=\"766\" data-id=\"1878\" src=\"https:\/\/matevents.es\/wp-content\/uploads\/2023\/10\/IMG_20230717_213648-1-1024x766.jpg\" alt=\"\" class=\"wp-image-1878\" srcset=\"https:\/\/matevents.es\/wp-content\/uploads\/2023\/10\/IMG_20230717_213648-1-1024x766.jpg 1024w, https:\/\/matevents.es\/wp-content\/uploads\/2023\/10\/IMG_20230717_213648-1-300x224.jpg 300w, https:\/\/matevents.es\/wp-content\/uploads\/2023\/10\/IMG_20230717_213648-1-768x575.jpg 768w, https:\/\/matevents.es\/wp-content\/uploads\/2023\/10\/IMG_20230717_213648-1-1536x1149.jpg 1536w, https:\/\/matevents.es\/wp-content\/uploads\/2023\/10\/IMG_20230717_213648-1-2048x1532.jpg 2048w\" sizes=\"(max-width: 1024px) 100vw, 1024px\" \/><\/figure>\n\n\n\n<figure class=\"wp-block-image size-large\"><img loading=\"lazy\" decoding=\"async\" width=\"766\" height=\"1024\" data-id=\"1877\" src=\"https:\/\/matevents.es\/wp-content\/uploads\/2023\/10\/IMG_20230916_201358-766x1024.jpg\" alt=\"\" class=\"wp-image-1877\" srcset=\"https:\/\/matevents.es\/wp-content\/uploads\/2023\/10\/IMG_20230916_201358-766x1024.jpg 766w, https:\/\/matevents.es\/wp-content\/uploads\/2023\/10\/IMG_20230916_201358-224x300.jpg 224w, https:\/\/matevents.es\/wp-content\/uploads\/2023\/10\/IMG_20230916_201358-768x1026.jpg 768w, https:\/\/matevents.es\/wp-content\/uploads\/2023\/10\/IMG_20230916_201358-1149x1536.jpg 1149w, https:\/\/matevents.es\/wp-content\/uploads\/2023\/10\/IMG_20230916_201358-1532x2048.jpg 1532w, https:\/\/matevents.es\/wp-content\/uploads\/2023\/10\/IMG_20230916_201358-scaled.jpg 1916w\" sizes=\"(max-width: 766px) 100vw, 766px\" \/><\/figure>\n\n\n\n<figure class=\"wp-block-image size-large\"><img loading=\"lazy\" decoding=\"async\" width=\"1024\" height=\"768\" data-id=\"1879\" src=\"https:\/\/matevents.es\/wp-content\/uploads\/2023\/10\/IMG_20231021_144547-1024x768.jpg\" alt=\"\" class=\"wp-image-1879\" srcset=\"https:\/\/matevents.es\/wp-content\/uploads\/2023\/10\/IMG_20231021_144547-1024x768.jpg 1024w, https:\/\/matevents.es\/wp-content\/uploads\/2023\/10\/IMG_20231021_144547-300x225.jpg 300w, https:\/\/matevents.es\/wp-content\/uploads\/2023\/10\/IMG_20231021_144547-768x576.jpg 768w, https:\/\/matevents.es\/wp-content\/uploads\/2023\/10\/IMG_20231021_144547-1536x1152.jpg 1536w, https:\/\/matevents.es\/wp-content\/uploads\/2023\/10\/IMG_20231021_144547-2048x1536.jpg 2048w\" sizes=\"(max-width: 1024px) 100vw, 1024px\" \/><\/figure>\n<\/figure>\n","protected":false},"excerpt":{"rendered":"<p>T\u00e9cnicos de sonido DJ\u00b4S Alquiler equipos<\/p>\n","protected":false},"author":1,"featured_media":0,"parent":0,"menu_order":0,"comment_status":"closed","ping_status":"open","template":"","meta":{"_uag_custom_page_level_css":"","site-sidebar-layout":"no-sidebar","site-content-layout":"","ast-site-content-layout":"full-width-container","site-content-style":"unboxed","site-sidebar-style":"unboxed","ast-global-header-display":"","ast-banner-title-visibility":"","ast-main-header-display":"","ast-hfb-above-header-display":"","ast-hfb-below-header-display":"","ast-hfb-mobile-header-display":"","site-post-title":"","ast-breadcrumbs-content":"","ast-featured-img":"disabled","footer-sml-layout":"","theme-transparent-header-meta":"default","adv-header-id-meta":"","stick-header-meta":"","header-above-stick-meta":"","header-main-stick-meta":"","header-below-stick-meta":"","astra-migrate-meta-layouts":"set","ast-page-background-enabled":"default","ast-page-background-meta":{"desktop":{"background-color":"var(--ast-global-color-4)","background-image":"","background-repeat":"repeat","background-position":"center center","background-size":"auto","background-attachment":"scroll","background-type":"","background-media":"","overlay-type":"","overlay-color":"","overlay-gradient":""},"tablet":{"background-color":"","background-image":"","background-repeat":"repeat","background-position":"center center","background-size":"auto","background-attachment":"scroll","background-type":"","background-media":"","overlay-type":"","overlay-color":"","overlay-gradient":""},"mobile":{"background-color":"","background-image":"","background-repeat":"repeat","background-position":"center center","background-size":"auto","background-attachment":"scroll","background-type":"","background-media":"","overlay-type":"","overlay-color":"","overlay-gradient":""}},"ast-content-background-meta":{"desktop":{"background-color":"var(--ast-global-color-5)","background-image":"","background-repeat":"repeat","background-position":"center center","background-size":"auto","background-attachment":"scroll","background-type":"","background-media":"","overlay-type":"","overlay-color":"","overlay-gradient":""},"tablet":{"background-color":"var(--ast-global-color-5)","background-image":"","background-repeat":"repeat","background-position":"center center","background-size":"auto","background-attachment":"scroll","background-type":"","background-media":"","overlay-type":"","overlay-color":"","overlay-gradient":""},"mobile":{"background-color":"var(--ast-global-color-5)","background-image":"","background-repeat":"repeat","background-position":"center center","background-size":"auto","background-attachment":"scroll","background-type":"","background-media":"","overlay-type":"","overlay-color":"","overlay-gradient":""}},"footnotes":""},"class_list":["post-2","page","type-page","status-publish","hentry"],"yoast_head":"<!-- This site is optimized with the Yoast SEO plugin v26.4 - https:\/\/yoast.com\/wordpress\/plugins\/seo\/ -->\n<title>&#187;<\/title>\n<meta name=\"robots\" content=\"index, follow, max-snippet:-1, max-image-preview:large, max-video-preview:-1\" \/>\n<link rel=\"canonical\" href=\"https:\/\/matevents.es\/?page_id=2\" \/>\n<meta property=\"og:locale\" content=\"en_US\" \/>\n<meta property=\"og:type\" content=\"article\" \/>\n<meta property=\"og:title\" content=\"&#187;\" \/>\n<meta property=\"og:description\" content=\"T\u00e9cnicos de sonido DJ\u00b4S Alquiler equipos\" \/>\n<meta property=\"og:url\" content=\"https:\/\/matevents.es\/?page_id=2\" \/>\n<meta property=\"article:modified_time\" content=\"2025-11-12T02:49:04+00:00\" \/>\n<meta property=\"og:image\" content=\"https:\/\/matevents.es\/wp-content\/uploads\/2023\/10\/IMG_20220812_003408_12-1-scaled.jpg\" \/>\n\t<meta property=\"og:image:width\" content=\"1916\" \/>\n\t<meta property=\"og:image:height\" content=\"2560\" \/>\n\t<meta property=\"og:image:type\" content=\"image\/jpeg\" \/>\n<meta name=\"twitter:card\" content=\"summary_large_image\" \/>\n<script type=\"application\/ld+json\" class=\"yoast-schema-graph\">{\"@context\":\"https:\/\/schema.org\",\"@graph\":[{\"@type\":\"WebPage\",\"@id\":\"https:\/\/matevents.es\/?page_id=2\",\"url\":\"https:\/\/matevents.es\/?page_id=2\",\"name\":\"&#187;\",\"isPartOf\":{\"@id\":\"https:\/\/matevents.es\/#website\"},\"primaryImageOfPage\":{\"@id\":\"https:\/\/matevents.es\/?page_id=2#primaryimage\"},\"image\":{\"@id\":\"https:\/\/matevents.es\/?page_id=2#primaryimage\"},\"thumbnailUrl\":\"https:\/\/matevents.es\/wp-content\/uploads\/2023\/10\/IMG_20220812_003408_12-1-766x1024.jpg\",\"datePublished\":\"2023-10-18T09:04:28+00:00\",\"dateModified\":\"2025-11-12T02:49:04+00:00\",\"inLanguage\":\"en-US\",\"potentialAction\":[{\"@type\":\"ReadAction\",\"target\":[\"https:\/\/matevents.es\/?page_id=2\"]}]},{\"@type\":\"ImageObject\",\"inLanguage\":\"en-US\",\"@id\":\"https:\/\/matevents.es\/?page_id=2#primaryimage\",\"url\":\"https:\/\/matevents.es\/wp-content\/uploads\/2023\/10\/IMG_20220812_003408_12-1-scaled.jpg\",\"contentUrl\":\"https:\/\/matevents.es\/wp-content\/uploads\/2023\/10\/IMG_20220812_003408_12-1-scaled.jpg\",\"width\":1916,\"height\":2560},{\"@type\":\"WebSite\",\"@id\":\"https:\/\/matevents.es\/#website\",\"url\":\"https:\/\/matevents.es\/\",\"name\":\"Servicios Audiovisuales para Eventos Inolvidables | Mat Events\",\"description\":\"En Mat Events, transformamos tu evento en una experiencia \u00fanica con nuestros servicios audiovisuales de alta calidad. Con m\u00e1s de 7 a\u00f1os de experiencia, ofrecemos soluciones personalizadas para conciertos, corporativos, discotecas y m\u00e1s. \u00a1Haz que cada momento suene perfecto!\",\"publisher\":{\"@id\":\"https:\/\/matevents.es\/#organization\"},\"alternateName\":\"Servicios Audiovisuales para Eventos Inolvidables | Mat Events\",\"potentialAction\":[{\"@type\":\"SearchAction\",\"target\":{\"@type\":\"EntryPoint\",\"urlTemplate\":\"https:\/\/matevents.es\/?s={search_term_string}\"},\"query-input\":{\"@type\":\"PropertyValueSpecification\",\"valueRequired\":true,\"valueName\":\"search_term_string\"}}],\"inLanguage\":\"en-US\"},{\"@type\":\"Organization\",\"@id\":\"https:\/\/matevents.es\/#organization\",\"name\":\"Servicios Audiovisuales para Eventos Inolvidables | Mat Events\",\"alternateName\":\"Mat Events\",\"url\":\"https:\/\/matevents.es\/\",\"logo\":{\"@type\":\"ImageObject\",\"inLanguage\":\"en-US\",\"@id\":\"https:\/\/matevents.es\/#\/schema\/logo\/image\/\",\"url\":\"https:\/\/matevents.es\/wp-content\/uploads\/2025\/11\/Captura-de-pantalla-2025-11-11-212734.png\",\"contentUrl\":\"https:\/\/matevents.es\/wp-content\/uploads\/2025\/11\/Captura-de-pantalla-2025-11-11-212734.png\",\"width\":827,\"height\":496,\"caption\":\"Servicios Audiovisuales para Eventos Inolvidables | Mat Events\"},\"image\":{\"@id\":\"https:\/\/matevents.es\/#\/schema\/logo\/image\/\"}}]}<\/script>\n<!-- \/ Yoast SEO plugin. -->","yoast_head_json":{"title":"&#187;","robots":{"index":"index","follow":"follow","max-snippet":"max-snippet:-1","max-image-preview":"max-image-preview:large","max-video-preview":"max-video-preview:-1"},"canonical":"https:\/\/matevents.es\/?page_id=2","og_locale":"en_US","og_type":"article","og_title":"&#187;","og_description":"T\u00e9cnicos de sonido DJ\u00b4S Alquiler equipos","og_url":"https:\/\/matevents.es\/?page_id=2","article_modified_time":"2025-11-12T02:49:04+00:00","og_image":[{"width":1916,"height":2560,"url":"https:\/\/matevents.es\/wp-content\/uploads\/2023\/10\/IMG_20220812_003408_12-1-scaled.jpg","type":"image\/jpeg"}],"twitter_card":"summary_large_image","schema":{"@context":"https:\/\/schema.org","@graph":[{"@type":"WebPage","@id":"https:\/\/matevents.es\/?page_id=2","url":"https:\/\/matevents.es\/?page_id=2","name":"&#187;","isPartOf":{"@id":"https:\/\/matevents.es\/#website"},"primaryImageOfPage":{"@id":"https:\/\/matevents.es\/?page_id=2#primaryimage"},"image":{"@id":"https:\/\/matevents.es\/?page_id=2#primaryimage"},"thumbnailUrl":"https:\/\/matevents.es\/wp-content\/uploads\/2023\/10\/IMG_20220812_003408_12-1-766x1024.jpg","datePublished":"2023-10-18T09:04:28+00:00","dateModified":"2025-11-12T02:49:04+00:00","inLanguage":"en-US","potentialAction":[{"@type":"ReadAction","target":["https:\/\/matevents.es\/?page_id=2"]}]},{"@type":"ImageObject","inLanguage":"en-US","@id":"https:\/\/matevents.es\/?page_id=2#primaryimage","url":"https:\/\/matevents.es\/wp-content\/uploads\/2023\/10\/IMG_20220812_003408_12-1-scaled.jpg","contentUrl":"https:\/\/matevents.es\/wp-content\/uploads\/2023\/10\/IMG_20220812_003408_12-1-scaled.jpg","width":1916,"height":2560},{"@type":"WebSite","@id":"https:\/\/matevents.es\/#website","url":"https:\/\/matevents.es\/","name":"Servicios Audiovisuales para Eventos Inolvidables | Mat Events","description":"En Mat Events, transformamos tu evento en una experiencia \u00fanica con nuestros servicios audiovisuales de alta calidad. Con m\u00e1s de 7 a\u00f1os de experiencia, ofrecemos soluciones personalizadas para conciertos, corporativos, discotecas y m\u00e1s. \u00a1Haz que cada momento suene perfecto!","publisher":{"@id":"https:\/\/matevents.es\/#organization"},"alternateName":"Servicios Audiovisuales para Eventos Inolvidables | Mat Events","potentialAction":[{"@type":"SearchAction","target":{"@type":"EntryPoint","urlTemplate":"https:\/\/matevents.es\/?s={search_term_string}"},"query-input":{"@type":"PropertyValueSpecification","valueRequired":true,"valueName":"search_term_string"}}],"inLanguage":"en-US"},{"@type":"Organization","@id":"https:\/\/matevents.es\/#organization","name":"Servicios Audiovisuales para Eventos Inolvidables | Mat Events","alternateName":"Mat Events","url":"https:\/\/matevents.es\/","logo":{"@type":"ImageObject","inLanguage":"en-US","@id":"https:\/\/matevents.es\/#\/schema\/logo\/image\/","url":"https:\/\/matevents.es\/wp-content\/uploads\/2025\/11\/Captura-de-pantalla-2025-11-11-212734.png","contentUrl":"https:\/\/matevents.es\/wp-content\/uploads\/2025\/11\/Captura-de-pantalla-2025-11-11-212734.png","width":827,"height":496,"caption":"Servicios Audiovisuales para Eventos Inolvidables | Mat Events"},"image":{"@id":"https:\/\/matevents.es\/#\/schema\/logo\/image\/"}}]}},"uagb_featured_image_src":{"full":false,"thumbnail":false,"medium":false,"medium_large":false,"large":false,"1536x1536":false,"2048x2048":false},"uagb_author_info":{"display_name":"matevents.es","author_link":"https:\/\/matevents.es\/?author=1"},"uagb_comment_info":0,"uagb_excerpt":"T\u00e9cnicos de sonido DJ\u00b4S Alquiler equipos","_links":{"self":[{"href":"https:\/\/matevents.es\/index.php?rest_route=\/wp\/v2\/pages\/2","targetHints":{"allow":["GET"]}}],"collection":[{"href":"https:\/\/matevents.es\/index.php?rest_route=\/wp\/v2\/pages"}],"about":[{"href":"https:\/\/matevents.es\/index.php?rest_route=\/wp\/v2\/types\/page"}],"author":[{"embeddable":true,"href":"https:\/\/matevents.es\/index.php?rest_route=\/wp\/v2\/users\/1"}],"replies":[{"embeddable":true,"href":"https:\/\/matevents.es\/index.php?rest_route=%2Fwp%2Fv2%2Fcomments&post=2"}],"version-history":[{"count":10,"href":"https:\/\/matevents.es\/index.php?rest_route=\/wp\/v2\/pages\/2\/revisions"}],"predecessor-version":[{"id":2080,"href":"https:\/\/matevents.es\/index.php?rest_route=\/wp\/v2\/pages\/2\/revisions\/2080"}],"wp:attachment":[{"href":"https:\/\/matevents.es\/index.php?rest_route=%2Fwp%2Fv2%2Fmedia&parent=2"}],"curies":[{"name":"wp","href":"https:\/\/api.w.org\/{rel}","templated":true}]}}